{"id":261732,"date":"2024-06-30T23:07:57","date_gmt":"2024-06-30T23:07:57","guid":{"rendered":"https:\/\/www.telos.si\/v2\/?page_id=261732"},"modified":"2025-02-23T22:55:29","modified_gmt":"2025-02-23T22:55:29","slug":"ruckus-r350-promo","status":"publish","type":"page","link":"https:\/\/www.telos.si\/v2\/ruckus-r350-promo\/","title":{"rendered":"Ruckus R350 promo"},"content":{"rendered":"<p>[et_pb_section fb_built=&#8221;1&#8243; admin_label=&#8221;Download Now&#8221; _builder_version=&#8221;4.25.2&#8243; use_background_color_gradient=&#8221;on&#8221; background_color_gradient_direction=&#8221;60deg&#8221; background_color_gradient_stops=&#8221;rgba(0,0,0,0.63) 0%|#729c99 100%&#8221; background_color_gradient_start=&#8221;#bdbfc1&#8243; background_color_gradient_end=&#8221;#729c99&#8243; background_image=&#8221;https:\/\/www.telos.si\/v2\/wp-content\/uploads\/2024\/06\/Ruckus_Wi-Fi_Promo_2024_bg2.jpg&#8221; background_blend=&#8221;multiply&#8221; custom_padding=&#8221;140px|0px|100px|0px|false|false&#8221; global_colors_info=&#8221;{}&#8221;][et_pb_row column_structure=&#8221;2_5,3_5&#8243; _builder_version=&#8221;4.16&#8243; custom_margin=&#8221;0px|||&#8221; custom_padding=&#8221;0px|||&#8221; global_colors_info=&#8221;{}&#8221;][et_pb_column type=&#8221;2_5&#8243; _builder_version=&#8221;4.16&#8243; custom_padding=&#8221;20px||0px|&#8221; global_colors_info=&#8221;{}&#8221; custom_padding__hover=&#8221;|||&#8221;][et_pb_text _builder_version=&#8221;4.25.2&#8243; text_font=&#8221;||||||||&#8221; text_text_color=&#8221;#000000&#8243; text_line_height=&#8221;1.8em&#8221; header_font=&#8221;Poppins||||||||&#8221; header_text_color=&#8221;#FFFFFF&#8221; header_font_size=&#8221;29px&#8221; header_2_font=&#8221;Poppins||||||||&#8221; header_2_text_color=&#8221;#FFFFFF&#8221; header_2_font_size=&#8221;35px&#8221; header_3_font=&#8221;||||||||&#8221; max_width=&#8221;700px&#8221; module_alignment=&#8221;center&#8221; custom_margin=&#8221;0px||0px|&#8221; custom_padding=&#8221;0px||0px|&#8221; global_colors_info=&#8221;{}&#8221;]<\/p>\n<h2>RUCKUS R350<\/h2>\n<p>[\/et_pb_text][et_pb_text _builder_version=&#8221;4.25.2&#8243; text_font=&#8221;||||||||&#8221; text_text_color=&#8221;#000000&#8243; text_line_height=&#8221;1.8em&#8221; header_font=&#8221;||||||||&#8221; header_text_color=&#8221;#FFFFFF&#8221; header_font_size=&#8221;70px&#8221; header_2_font=&#8221;Poppins||||||||&#8221; header_2_text_color=&#8221;#FFFFFF&#8221; header_2_font_size=&#8221;80px&#8221; header_3_font=&#8221;||||||||&#8221; max_width=&#8221;700px&#8221; module_alignment=&#8221;center&#8221; custom_margin=&#8221;0px||0px|&#8221; custom_padding=&#8221;0px||0px|&#8221; global_colors_info=&#8221;{}&#8221;]<\/p>\n<h1>PROMO <span style=\"color: #ea7600;\">-40%<\/span><\/h1>\n<p>[\/et_pb_text][et_pb_divider color=&#8221;#FFFFFF&#8221; divider_weight=&#8221;4px&#8221; _builder_version=&#8221;4.25.2&#8243; max_width=&#8221;93%&#8221; max_width_tablet=&#8221;&#8221; max_width_phone=&#8221;75%&#8221; max_width_last_edited=&#8221;on|desktop&#8221; height=&#8221;0px&#8221; custom_padding=&#8221;15px||0px||false|false&#8221; global_colors_info=&#8221;{}&#8221;]&nbsp;<br \/>\n[\/et_pb_divider][et_pb_text _builder_version=&#8221;4.25.2&#8243; text_font=&#8221;&#8211;et_global_body_font|600|||||||&#8221; text_text_color=&#8221;#FFFFFF&#8221; text_font_size=&#8221;22px&#8221; text_line_height=&#8221;1.4em&#8221; header_font=&#8221;||||||||&#8221; header_2_font=&#8221;Poppins||||||||&#8221; header_2_font_size=&#8221;28px&#8221; header_2_line_height=&#8221;1.4em&#8221; header_3_font=&#8221;||||||||&#8221; max_width=&#8221;700px&#8221; module_alignment=&#8221;center&#8221; global_colors_info=&#8221;{}&#8221;]<\/p>\n<p>Ruckus promocija vam omogo\u010da nakup Wi-Fi dostopne to\u010dke R350 s <strong>40% popustom!<\/strong><\/p>\n<p>[\/et_pb_text][et_pb_button button_url=&#8221;https:\/\/www.telos.si\/v2\/kontakt\/&#8221; button_text=&#8221;Pridobi ugodno ponudbo&#8221; button_alignment=&#8221;left&#8221; _builder_version=&#8221;4.25.2&#8243; custom_button=&#8221;on&#8221; button_text_size=&#8221;18px&#8221; button_text_color=&#8221;#ffffff&#8221; button_bg_color=&#8221;#ea7600&#8243; button_border_width=&#8221;0px&#8221; button_border_radius=&#8221;100px&#8221; button_letter_spacing=&#8221;1px&#8221; button_font=&#8221;Poppins|600||on|||||&#8221; button_use_icon=&#8221;off&#8221; background_layout=&#8221;dark&#8221; custom_margin=&#8221;40px||20px||false|false&#8221; custom_padding=&#8221;10px|30px|10px|30px&#8221; button_text_size_tablet=&#8221;18px&#8221; button_text_size_phone=&#8221;17px&#8221; button_text_size_last_edited=&#8221;on|phone&#8221; box_shadow_style=&#8221;preset3&#8243; box_shadow_vertical=&#8221;8px&#8221; box_shadow_color=&#8221;rgba(234,118,0,0.61)&#8221; button_letter_spacing_hover=&#8221;1px&#8221; global_colors_info=&#8221;{}&#8221; button_text_size__hover_enabled=&#8221;off&#8221; button_one_text_size__hover_enabled=&#8221;off&#8221; button_two_text_size__hover_enabled=&#8221;off&#8221; button_text_color__hover_enabled=&#8221;off&#8221; button_one_text_color__hover_enabled=&#8221;off&#8221; button_two_text_color__hover_enabled=&#8221;off&#8221; button_border_width__hover_enabled=&#8221;off&#8221; button_one_border_width__hover_enabled=&#8221;off&#8221; button_two_border_width__hover_enabled=&#8221;off&#8221; button_border_color__hover_enabled=&#8221;off&#8221; button_one_border_color__hover_enabled=&#8221;off&#8221; button_two_border_color__hover_enabled=&#8221;off&#8221; button_border_radius__hover_enabled=&#8221;off&#8221; button_one_border_radius__hover_enabled=&#8221;off&#8221; button_two_border_radius__hover_enabled=&#8221;off&#8221; button_letter_spacing__hover_enabled=&#8221;on&#8221; button_letter_spacing__hover=&#8221;1px&#8221; button_one_letter_spacing__hover_enabled=&#8221;off&#8221; button_two_letter_spacing__hover_enabled=&#8221;off&#8221; button_bg_color__hover_enabled=&#8221;off&#8221; button_one_bg_color__hover_enabled=&#8221;off&#8221; button_two_bg_color__hover_enabled=&#8221;off&#8221;]&nbsp;<br \/>\n[\/et_pb_button][\/et_pb_column][et_pb_column type=&#8221;3_5&#8243; _builder_version=&#8221;4.16&#8243; custom_padding=&#8221;|||&#8221; global_colors_info=&#8221;{}&#8221; custom_padding__hover=&#8221;|||&#8221;][et_pb_image src=&#8221;https:\/\/www.telos.si\/v2\/wp-content\/uploads\/2024\/04\/Ruckus-R350-Testna-voznja.png&#8221; alt=&#8221;Ruckus R350 Testna vo\u017enja&#8221; title_text=&#8221;Ruckus R350 Testna vo\u017enja&#8221; align=&#8221;center&#8221; align_tablet=&#8221;center&#8221; align_phone=&#8221;&#8221; align_last_edited=&#8221;on|desktop&#8221; disabled_on=&#8221;on|off|off&#8221; _builder_version=&#8221;4.25.2&#8243; module_alignment=&#8221;right&#8221; custom_margin=&#8221;20px||||false|false&#8221; animation_style=&#8221;bounce&#8221; global_colors_info=&#8221;{}&#8221;]&nbsp;<br \/>\n[\/et_pb_image][\/et_pb_column][\/et_pb_row][\/et_pb_section][et_pb_section fb_built=&#8221;1&#8243; specialty=&#8221;on&#8221; admin_label=&#8221;Features&#8221; _builder_version=&#8221;4.25.2&#8243; background_color=&#8221;#729C99&#8243; custom_margin=&#8221;||0px|&#8221; custom_padding=&#8221;45px||0px|&#8221; global_colors_info=&#8221;{}&#8221;][et_pb_column type=&#8221;1_2&#8243; specialty_columns=&#8221;2&#8243; _builder_version=&#8221;4.16&#8243; custom_padding=&#8221;|||&#8221; global_colors_info=&#8221;{}&#8221; parallax__hover=&#8221;off&#8221; parallax_method__hover=&#8221;on&#8221; custom_padding__hover=&#8221;|||&#8221;][et_pb_row_inner _builder_version=&#8221;4.25.2&#8243; custom_margin=&#8221;||||false|false&#8221; global_colors_info=&#8221;{}&#8221;][et_pb_column_inner saved_specialty_column_type=&#8221;1_2&#8243; _builder_version=&#8221;4.25.2&#8243; custom_padding=&#8221;|||&#8221; global_colors_info=&#8221;{}&#8221; parallax__hover=&#8221;off&#8221; parallax_method__hover=&#8221;on&#8221; custom_padding__hover=&#8221;|||&#8221;][et_pb_text _builder_version=&#8221;4.25.2&#8243; text_font=&#8221;Open Sans||||||||&#8221; text_font_size=&#8221;19px&#8221; text_line_height=&#8221;1.8em&#8221; link_font=&#8221;|700|||on||||&#8221; header_font=&#8221;Open Sans|700|||||||&#8221; header_text_align=&#8221;left&#8221; header_text_color=&#8221;#000000&#8243; header_font_size=&#8221;40px&#8221; header_2_font=&#8221;Poppins||||||||&#8221; header_2_font_size=&#8221;31px&#8221; header_2_line_height=&#8221;1.4em&#8221; header_3_font=&#8221;||||||||&#8221; background_layout=&#8221;dark&#8221; module_alignment=&#8221;center&#8221; custom_padding=&#8221;||20px|&#8221; global_colors_info=&#8221;{}&#8221;]<\/p>\n<h1>RUCKUS R350<br \/>PROMOCIJA<\/h1>\n<p>Ker bi najbolj\u0161o Wi-Fi opremo na trgu radi pribli\u017eali \u010dim \u0161ir\u0161emu krogu uporabnikov smo pripravili izjemno <strong>Ruckus R350 promocijo<\/strong>. V \u010dasu trajanja akcije lahko Wi-Fi 6 DT <a href=\"https:\/\/www.telos.si\/v2\/ruckus-r350\/\">Ruckus R350<\/a> kupite s kar <strong>40% popusta<\/strong>. Izkoristite izjemno prilo\u017enost in postavite preprosto bolj\u0161e brez\u017ei\u010dno Wi-Fi omre\u017eje.<\/p>\n<p>[\/et_pb_text][\/et_pb_column_inner][\/et_pb_row_inner][et_pb_row_inner custom_padding_last_edited=&#8221;on|phone&#8221; _builder_version=&#8221;4.25.2&#8243; _module_preset=&#8221;default&#8221; custom_margin=&#8221;0px||||false|false&#8221; custom_padding=&#8221;0px||70px||false|false&#8221; custom_padding_tablet=&#8221;0px||70px||false|false&#8221; custom_padding_phone=&#8221;0px||10px||false|false&#8221; global_colors_info=&#8221;{}&#8221;][et_pb_column_inner saved_specialty_column_type=&#8221;1_2&#8243; _builder_version=&#8221;4.25.2&#8243; _module_preset=&#8221;default&#8221; custom_padding=&#8221;0px||||false|false&#8221; global_colors_info=&#8221;{}&#8221;][et_pb_button button_url=&#8221;https:\/\/www.telos.si\/v2\/kontakt\/&#8221; button_text=&#8221;Pridobi ugodno ponudbo&#8221; button_alignment=&#8221;left&#8221; _builder_version=&#8221;4.25.2&#8243; custom_button=&#8221;on&#8221; button_text_size=&#8221;18px&#8221; button_text_color=&#8221;#ffffff&#8221; button_bg_color=&#8221;#ea7600&#8243; button_border_width=&#8221;0px&#8221; button_border_radius=&#8221;100px&#8221; button_letter_spacing=&#8221;1px&#8221; button_font=&#8221;Poppins|600||on|||||&#8221; button_use_icon=&#8221;off&#8221; background_layout=&#8221;dark&#8221; custom_margin=&#8221;0px||20px||false|false&#8221; custom_padding=&#8221;10px|30px|10px|30px&#8221; button_text_size_tablet=&#8221;18px&#8221; button_text_size_phone=&#8221;17px&#8221; button_text_size_last_edited=&#8221;on|phone&#8221; box_shadow_style=&#8221;preset3&#8243; box_shadow_vertical=&#8221;8px&#8221; box_shadow_color=&#8221;rgba(234,118,0,0.61)&#8221; button_letter_spacing_hover=&#8221;1px&#8221; global_colors_info=&#8221;{}&#8221; button_text_size__hover_enabled=&#8221;off&#8221; button_one_text_size__hover_enabled=&#8221;off&#8221; button_two_text_size__hover_enabled=&#8221;off&#8221; button_text_color__hover_enabled=&#8221;off&#8221; button_one_text_color__hover_enabled=&#8221;off&#8221; button_two_text_color__hover_enabled=&#8221;off&#8221; button_border_width__hover_enabled=&#8221;off&#8221; button_one_border_width__hover_enabled=&#8221;off&#8221; button_two_border_width__hover_enabled=&#8221;off&#8221; button_border_color__hover_enabled=&#8221;off&#8221; button_one_border_color__hover_enabled=&#8221;off&#8221; button_two_border_color__hover_enabled=&#8221;off&#8221; button_border_radius__hover_enabled=&#8221;off&#8221; button_one_border_radius__hover_enabled=&#8221;off&#8221; button_two_border_radius__hover_enabled=&#8221;off&#8221; button_letter_spacing__hover_enabled=&#8221;on&#8221; button_letter_spacing__hover=&#8221;1px&#8221; button_one_letter_spacing__hover_enabled=&#8221;off&#8221; button_two_letter_spacing__hover_enabled=&#8221;off&#8221; button_bg_color__hover_enabled=&#8221;off&#8221; button_one_bg_color__hover_enabled=&#8221;off&#8221; button_two_bg_color__hover_enabled=&#8221;off&#8221;]&nbsp;<br \/>\n[\/et_pb_button][\/et_pb_column_inner][\/et_pb_row_inner][\/et_pb_column][et_pb_column type=&#8221;1_2&#8243; _builder_version=&#8221;4.16&#8243; custom_padding=&#8221;|||&#8221; global_colors_info=&#8221;{}&#8221; parallax__hover=&#8221;off&#8221; parallax_method__hover=&#8221;on&#8221; custom_padding__hover=&#8221;|||&#8221;][et_pb_blurb title=&#8221;Ruckus R350&#8243; image=&#8221;https:\/\/www.telos.si\/v2\/wp-content\/uploads\/2024\/06\/Ruckus-R350-Promocija-1.png&#8221; alt=&#8221;Ruckus R350 promocija&#8221; image_icon_width=&#8221;350px&#8221; content_max_width=&#8221;80%&#8221; image_icon_width_tablet=&#8221;350px&#8221; image_icon_width_phone=&#8221;280px&#8221; image_icon_width_last_edited=&#8221;on|phone&#8221; icon_alignment_tablet=&#8221;&#8221; icon_alignment_phone=&#8221;left&#8221; icon_alignment_last_edited=&#8221;on|phone&#8221; _builder_version=&#8221;4.27.4&#8243; header_level=&#8221;h6&#8243; header_font=&#8221;Open Sans|700||on|||||&#8221; header_text_color=&#8221;#000000&#8243; header_font_size=&#8221;26px&#8221; header_line_height=&#8221;1.4em&#8221; body_font=&#8221;Open Sans||||||||&#8221; body_text_color=&#8221;#FFFFFF&#8221; body_font_size=&#8221;18px&#8221; body_line_height=&#8221;1.4em&#8221; image_icon_custom_padding=&#8221;|||0px|false|false&#8221; text_orientation=&#8221;center&#8221; max_width_last_edited=&#8221;off|desktop&#8221; module_alignment=&#8221;center&#8221; custom_margin=&#8221;||20px|&#8221; custom_padding=&#8221;5px||0px||false|false&#8221; animation=&#8221;off&#8221; hover_enabled=&#8221;0&#8243; border_color_all_image=&#8221;rgba(0,0,0,0.1)&#8221; image_max_width=&#8221;250px&#8221; global_colors_info=&#8221;{}&#8221; sticky_enabled=&#8221;0&#8243;]<\/p>\n<p>Redna cena: 650\u20ac<br \/>Promo cena: 390\u20ac<strong><br \/>Prihranek: 40%<\/strong><\/p>\n<h6>Cene so brez DDV<\/h6>\n<p>[\/et_pb_blurb][\/et_pb_column][\/et_pb_section]<\/p>\n","protected":false},"excerpt":{"rendered":"<p>RUCKUS R350PROMO -40%&nbsp; Ruckus promocija vam omogo\u010da nakup Wi-Fi dostopne to\u010dke R350 s 40% popustom!&nbsp; &nbsp; RUCKUS R350PROMOCIJA Ker bi najbolj\u0161o Wi-Fi opremo na trgu radi pribli\u017eali \u010dim \u0161ir\u0161emu krogu uporabnikov smo pripravili izjemno Ruckus R350 promocijo. V \u010dasu trajanja akcije lahko Wi-Fi 6 DT Ruckus R350 kupite s kar 40% popusta. Izkoristite izjemno prilo\u017enost in postavite preprosto bolj\u0161e brez\u017ei\u010dno Wi-Fi omre\u017eje.&nbsp; Redna cena: 650\u20acPromo cena: 390\u20acPrihranek: 40% Cene so brez DDV<\/p>\n","protected":false},"author":1,"featured_media":261840,"parent":0,"menu_order":0,"comment_status":"closed","ping_status":"closed","template":"","meta":{"_et_pb_use_builder":"on","_et_pb_old_content":"","_et_gb_content_width":"","om_disable_all_campaigns":false,"_monsterinsights_skip_tracking":false,"_monsterinsights_sitenote_active":false,"_monsterinsights_sitenote_note":"","_monsterinsights_sitenote_category":0,"footnotes":""},"difl_page_category":[],"class_list":["post-261732","page","type-page","status-publish","has-post-thumbnail","hentry"],"aioseo_notices":[],"_links":{"self":[{"href":"https:\/\/www.telos.si\/v2\/wp-json\/wp\/v2\/pages\/261732","targetHints":{"allow":["GET"]}}],"collection":[{"href":"https:\/\/www.telos.si\/v2\/wp-json\/wp\/v2\/pages"}],"about":[{"href":"https:\/\/www.telos.si\/v2\/wp-json\/wp\/v2\/types\/page"}],"author":[{"embeddable":true,"href":"https:\/\/www.telos.si\/v2\/wp-json\/wp\/v2\/users\/1"}],"replies":[{"embeddable":true,"href":"https:\/\/www.telos.si\/v2\/wp-json\/wp\/v2\/comments?post=261732"}],"version-history":[{"count":35,"href":"https:\/\/www.telos.si\/v2\/wp-json\/wp\/v2\/pages\/261732\/revisions"}],"predecessor-version":[{"id":328597,"href":"https:\/\/www.telos.si\/v2\/wp-json\/wp\/v2\/pages\/261732\/revisions\/328597"}],"wp:featuredmedia":[{"embeddable":true,"href":"https:\/\/www.telos.si\/v2\/wp-json\/wp\/v2\/media\/261840"}],"wp:attachment":[{"href":"https:\/\/www.telos.si\/v2\/wp-json\/wp\/v2\/media?parent=261732"}],"wp:term":[{"taxonomy":"difl_page_category","embeddable":true,"href":"https:\/\/www.telos.si\/v2\/wp-json\/wp\/v2\/difl_page_category?post=261732"}],"curies":[{"name":"wp","href":"https:\/\/api.w.org\/{rel}","templated":true}]}}