{"id":224441,"date":"2021-06-28T22:20:42","date_gmt":"2021-06-28T22:20:42","guid":{"rendered":"http:\/\/www.telos.si\/Cambium\/?page_id=224441"},"modified":"2021-06-30T21:54:07","modified_gmt":"2021-06-30T21:54:07","slug":"poslji-povprasevanje","status":"publish","type":"page","link":"https:\/\/www.telos.si\/Cambium\/poslji-povprasevanje\/","title":{"rendered":"Po\u0161lji povpra\u0161evanje"},"content":{"rendered":"<p>[et_pb_section fb_built=&#8221;1&#8243; _builder_version=&#8221;4.9.7&#8243; use_background_color_gradient=&#8221;on&#8221; background_color_gradient_start=&#8221;rgba(0,85,132,0.9)&#8221; background_color_gradient_end=&#8221;rgba(12,18,38,0.8)&#8221; background_image=&#8221;http:\/\/www.telos.si\/Cambium\/wp-content\/uploads\/2019\/05\/IoT_AVG18_The_Things_Conference_MB_BG.jpg&#8221; background_blend=&#8221;overlay&#8221;][et_pb_row column_structure=&#8221;1_2,1_2&#8243; _builder_version=&#8221;4.9.7&#8243; background_size=&#8221;initial&#8221; background_position=&#8221;top_left&#8221; background_repeat=&#8221;repeat&#8221; custom_margin=&#8221;70px|||&#8221;][et_pb_column type=&#8221;1_2&#8243; _builder_version=&#8221;3.25&#8243; custom_padding=&#8221;|||&#8221; custom_padding__hover=&#8221;|||&#8221;][et_pb_text admin_label=&#8221;Contact us&#8221; _builder_version=&#8221;4.9.7&#8243; text_font=&#8221;Roboto|700|||||||&#8221; text_text_color=&#8221;#ffffff&#8221; text_font_size=&#8221;40px&#8221; text_line_height=&#8221;1.2em&#8221; header_font=&#8221;||||||||&#8221; text_orientation=&#8221;center&#8221; background_layout=&#8221;dark&#8221; width=&#8221;59%&#8221; module_alignment=&#8221;center&#8221; text_font_size_tablet=&#8221;45px&#8221; text_font_size_phone=&#8221;38px&#8221; text_font_size_last_edited=&#8221;on|phone&#8221;]<\/p>\n<p>Po\u0161ljite povpra\u0161evanje za opremo Cambium Networks<\/p>\n<p>[\/et_pb_text][et_pb_text admin_label=&#8221;Contact us&#8221; _builder_version=&#8221;4.9.7&#8243; text_font=&#8221;Roboto|300|||||||&#8221; text_text_color=&#8221;#ffffff&#8221; text_font_size=&#8221;18px&#8221; header_font=&#8221;||||||||&#8221; text_orientation=&#8221;center&#8221; background_layout=&#8221;dark&#8221; max_width=&#8221;75%&#8221; module_alignment=&#8221;center&#8221; custom_padding=&#8221;10px||&#8221; text_font_size_tablet=&#8221;18px&#8221; text_font_size_phone=&#8221;18px&#8221; text_font_size_last_edited=&#8221;on|phone&#8221;]<\/p>\n<p>Oddajte povpra\u0161evanje za opremo Cambium in v najkraj\u0161em mo\u017enem \u010dasu vas bo kontaktiral en od izku\u0161enih Telos svetovalcev.<\/p>\n<p>[\/et_pb_text][\/et_pb_column][et_pb_column type=&#8221;1_2&#8243; _builder_version=&#8221;4.9.7&#8243; background_color=&#8221;#005584&#8243; custom_padding=&#8221;20px|20px|20px|20px|true|true&#8221; border_radii=&#8221;on|20px|20px|20px|20px&#8221; custom_padding__hover=&#8221;|||&#8221;][et_pb_text _builder_version=&#8221;4.9.7&#8243; _module_preset=&#8221;default&#8221; text_text_color=&#8221;#ffffff&#8221;]<\/p>\n<style id=\"wpforms-css-vars-224438\">\n\t\t\t\t#wpforms-224438 {\n\t\t\t\t\n\t\t\t}\n\t\t\t<\/style><div class=\"wpforms-container wpforms-container-full wpforms-render-modern\" id=\"wpforms-224438\"><form id=\"wpforms-form-224438\" class=\"wpforms-validate wpforms-form\" data-formid=\"224438\" method=\"post\" enctype=\"multipart\/form-data\" action=\"\/Cambium\/wp-json\/wp\/v2\/pages\/224441\" data-token=\"dc613045d3d04200c7f42196bb0fd648\" data-token-time=\"1776299581\"><noscript class=\"wpforms-error-noscript\">Please enable JavaScript in your browser to complete this form.<\/noscript><div id=\"wpforms-error-noscript\" style=\"display: none;\">Please enable JavaScript in your browser to complete this form.<\/div><div class=\"wpforms-field-container\"><div id=\"wpforms-224438-field_0-container\" class=\"wpforms-field wpforms-field-name\" data-field-id=\"0\"><fieldset><legend class=\"wpforms-field-label wpforms-label-hide\" aria-hidden=\"false\">Ime in Priimek <span class=\"wpforms-required-label\" aria-hidden=\"true\">*<\/span><\/legend><div class=\"wpforms-field-row wpforms-field-large\"><div class=\"wpforms-field-row-block wpforms-first wpforms-one-half\"><input type=\"text\" id=\"wpforms-224438-field_0\" class=\"wpforms-field-name-first wpforms-field-required\" name=\"wpforms[fields][0][first]\" placeholder=\"Ime*\" aria-errormessage=\"wpforms-224438-field_0-error\" required><label for=\"wpforms-224438-field_0\" class=\"wpforms-field-sublabel after wpforms-sublabel-hide\">First<\/label><\/div><div class=\"wpforms-field-row-block wpforms-one-half\"><input type=\"text\" id=\"wpforms-224438-field_0-last\" class=\"wpforms-field-name-last wpforms-field-required\" name=\"wpforms[fields][0][last]\" placeholder=\"Priimek*\" aria-errormessage=\"wpforms-224438-field_0-last-error\" required><label for=\"wpforms-224438-field_0-last\" class=\"wpforms-field-sublabel after wpforms-sublabel-hide\">Last<\/label><\/div><\/div><\/fieldset><\/div><div id=\"wpforms-224438-field_1-container\" class=\"wpforms-field wpforms-field-email\" data-field-id=\"1\"><label class=\"wpforms-field-label wpforms-label-hide\" for=\"wpforms-224438-field_1\" aria-hidden=\"false\">Email naslov <span class=\"wpforms-required-label\" aria-hidden=\"true\">*<\/span><\/label><input type=\"email\" id=\"wpforms-224438-field_1\" class=\"wpforms-field-large wpforms-field-required\" name=\"wpforms[fields][1]\" placeholder=\"E-mail naslov*\" spellcheck=\"false\" aria-errormessage=\"wpforms-224438-field_1-error\" required><\/div><div id=\"wpforms-224438-field_5-container\" class=\"wpforms-field wpforms-field-text\" data-field-id=\"5\"><label class=\"wpforms-field-label wpforms-label-hide\" for=\"wpforms-224438-field_5\" aria-hidden=\"false\">Telefonska \u0161tevilka<\/label><input type=\"text\" id=\"wpforms-224438-field_5\" class=\"wpforms-field-large\" name=\"wpforms[fields][5]\" placeholder=\"Tel. \u0161tevilka\" aria-errormessage=\"wpforms-224438-field_5-error\" ><\/div><div id=\"wpforms-224438-field_3-container\" class=\"wpforms-field wpforms-field-text\" data-field-id=\"3\"><label class=\"wpforms-field-label wpforms-label-hide\" for=\"wpforms-224438-field_3\" aria-hidden=\"false\">Podjetje<\/label><input type=\"text\" id=\"wpforms-224438-field_3\" class=\"wpforms-field-large\" name=\"wpforms[fields][3]\" placeholder=\"Podjetje\" aria-errormessage=\"wpforms-224438-field_3-error\" ><\/div><div id=\"wpforms-224438-field_2-container\" class=\"wpforms-field wpforms-field-textarea\" data-field-id=\"2\"><label class=\"wpforms-field-label wpforms-label-hide\" for=\"wpforms-224438-field_2\" aria-hidden=\"false\">Sporo\u010dilo <span class=\"wpforms-required-label\" aria-hidden=\"true\">*<\/span><\/label><textarea id=\"wpforms-224438-field_2\" class=\"wpforms-field-medium wpforms-field-required\" name=\"wpforms[fields][2]\" placeholder=\"Opi\u0161ite svoje \u017eelje, cilje in\/ali vpra\u0161anja*\" aria-errormessage=\"wpforms-224438-field_2-error\" aria-describedby=\"wpforms-224438-field_2-description\" required><\/textarea><div id=\"wpforms-224438-field_2-description\" class=\"wpforms-field-description\">*Zahtevana polja<\/div><\/div><\/div><!-- .wpforms-field-container --><div class=\"wpforms-submit-container\" ><input type=\"hidden\" name=\"wpforms[id]\" value=\"224438\"><input type=\"hidden\" name=\"page_title\" value=\"\"><input type=\"hidden\" name=\"page_url\" value=\"https:\/\/www.telos.si\/Cambium\/wp-json\/wp\/v2\/pages\/224441\"><input type=\"hidden\" name=\"url_referer\" value=\"\"><button type=\"submit\" name=\"wpforms[submit]\" id=\"wpforms-submit-224438\" class=\"wpforms-submit\" data-alt-text=\"Po\u0161iljam\" data-submit-text=\"Po\u0161lji\" aria-live=\"assertive\" value=\"wpforms-submit\">Po\u0161lji<\/button><\/div><\/form><\/div>  <!-- .wpforms-container -->\n<p>[\/et_pb_text][\/et_pb_column][\/et_pb_row][\/et_pb_section][et_pb_section fb_built=&#8221;1&#8243; fullwidth=&#8221;on&#8221; _builder_version=&#8221;3.22&#8243;][et_pb_fullwidth_map address=&#8221;Ljubljanska cesta 24g, 4000 Kranj, Slovenija&#8221; zoom_level=&#8221;16&#8243; address_lat=&#8221;46.22444936291&#8243; address_lng=&#8221;14.35353689577&#8243; mouse_wheel=&#8221;off&#8221; _builder_version=&#8221;3.27.4&#8243; background_color=&#8221;rgba(0,85,132,0.41)&#8221; child_filter_saturate=&#8221;3%&#8221; child_mix_blend_mode=&#8221;multiply&#8221;][et_pb_map_pin title=&#8221;Telos d.o.o.&#8221; pin_address=&#8221;Ljubljanska cesta 24g, 4000 Kranj, Slovenija&#8221; zoom_level=&#8221;16&#8243; pin_address_lat=&#8221;46.2235438&#8243; pin_address_lng=&#8221;14.3531292&#8243; _builder_version=&#8221;3.27.4&#8243;][\/et_pb_map_pin][\/et_pb_fullwidth_map][\/et_pb_section][et_pb_section fb_built=&#8221;1&#8243; admin_label=&#8221;Footer Wireframe 1&#8243; _builder_version=&#8221;3.22.7&#8243; background_color=&#8221;rgba(96,96,96,0.36)&#8221; custom_margin=&#8221;||0px&#8221; custom_padding=&#8221;35px|0px|0|0px|false|false&#8221; global_module=&#8221;215761&#8243; saved_tabs=&#8221;all&#8221; collapsed=&#8221;on&#8221;][et_pb_row column_structure=&#8221;1_4,1_4,1_4,1_4&#8243; module_class=&#8221; et_pb_row_fullwidth&#8221; _builder_version=&#8221;3.25&#8243; width=&#8221;94%&#8221; width_tablet=&#8221;80%&#8221; width_phone=&#8221;&#8221; width_last_edited=&#8221;on|desktop&#8221; max_width=&#8221;94%&#8221; max_width_tablet=&#8221;80%&#8221; max_width_phone=&#8221;&#8221; max_width_last_edited=&#8221;on|desktop&#8221; custom_padding=&#8221;0|0px|0|0px|false|false&#8221; custom_css_main_element=&#8221;align-items: center;&#8221; make_fullwidth=&#8221;on&#8221;][et_pb_column type=&#8221;1_4&#8243; _builder_version=&#8221;3.25&#8243; custom_padding=&#8221;|||&#8221; custom_padding__hover=&#8221;|||&#8221;][et_pb_image src=&#8221;http:\/\/www.telos.si\/Cambium\/wp-content\/uploads\/2019\/09\/Telos_logo_2019.png&#8221; url=&#8221;http:\/\/www.telos.si\/&#8221; url_new_window=&#8221;on&#8221; align_tablet=&#8221;center&#8221; align_phone=&#8221;&#8221; align_last_edited=&#8221;on|desktop&#8221; _builder_version=&#8221;3.27.4&#8243; max_width=&#8221;65%&#8221; max_width_tablet=&#8221;56%&#8221; max_width_phone=&#8221;50%&#8221; max_width_last_edited=&#8221;on|phone&#8221; module_alignment=&#8221;center&#8221;][\/et_pb_image][et_pb_social_media_follow _builder_version=&#8221;3.19.11&#8243; text_orientation=&#8221;center&#8221;][et_pb_social_media_follow_network social_network=&#8221;twitter&#8221; url=&#8221;https:\/\/twitter.com\/Telos_IoT?lang=en&#8221; _builder_version=&#8221;3.19.11&#8243; background_color=&#8221;#005584&#8243;]twitter[\/et_pb_social_media_follow_network][et_pb_social_media_follow_network social_network=&#8221;facebook&#8221; url=&#8221;https:\/\/www.facebook.com\/Telos-doo-219615241399941\/&#8221; _builder_version=&#8221;3.19.9&#8243; background_color=&#8221;#005584&#8243;]facebook[\/et_pb_social_media_follow_network][et_pb_social_media_follow_network social_network=&#8221;youtube&#8221; url=&#8221;https:\/\/www.youtube.com\/channel\/UCmMjRCSj_1hmDP7BAoHLrVQ\/featured&#8221; _builder_version=&#8221;3.19.9&#8243; background_color=&#8221;#005584&#8243;]youtube[\/et_pb_social_media_follow_network][\/et_pb_social_media_follow][\/et_pb_column][et_pb_column type=&#8221;1_4&#8243; _builder_version=&#8221;3.25&#8243; custom_padding=&#8221;|||&#8221; custom_padding__hover=&#8221;|||&#8221;][et_pb_text admin_label=&#8221;Contact us&#8221; _builder_version=&#8221;3.27.4&#8243; text_font=&#8221;||||||||&#8221; text_text_color=&#8221;#000000&#8243; header_font=&#8221;||||||||&#8221; header_text_color=&#8221;#000000&#8243; header_3_font=&#8221;||||||||&#8221; header_3_text_align=&#8221;left&#8221; header_3_text_color=&#8221;#000000&#8243; header_3_font_size=&#8221;43px&#8221; header_3_line_height=&#8221;1.1em&#8221; header_6_font=&#8221;Roboto|700|||||||&#8221; header_6_text_color=&#8221;#000000&#8243; header_6_font_size=&#8221;21px&#8221; custom_margin=&#8221;||10px|&#8221; header_font_size_tablet=&#8221;35px&#8221; header_font_size_phone=&#8221;27px&#8221; header_font_size_last_edited=&#8221;off|desktop&#8221; header_3_font_size_tablet=&#8221;&#8221; header_3_font_size_phone=&#8221;30px&#8221; header_3_font_size_last_edited=&#8221;on|desktop&#8221;]<\/p>\n<h6>Kontakt<\/h6>\n<p>[\/et_pb_text][et_pb_blurb title=&#8221;Ljubljanska c.24g, Kranj, Slovenija&#8221; use_icon=&#8221;on&#8221; font_icon=&#8221;%%122%%&#8221; icon_placement=&#8221;left&#8221; use_icon_font_size=&#8221;on&#8221; icon_font_size=&#8221;19px&#8221; module_class=&#8221;blurb_footer&#8221; _builder_version=&#8221;3.29.3&#8243; header_level=&#8221;h2&#8243; header_font=&#8221;|300|||||||&#8221; header_text_align=&#8221;left&#8221; header_text_color=&#8221;#000000&#8243; header_font_size=&#8221;12px&#8221; header_line_height=&#8221;1.6em&#8221; body_font=&#8221;||||||||&#8221; body_text_align=&#8221;left&#8221; body_text_color=&#8221;#ffffff&#8221; body_font_size=&#8221;15px&#8221; custom_margin=&#8221;||0px|&#8221; animation=&#8221;off&#8221;][\/et_pb_blurb][et_pb_blurb title=&#8221;+386 05 907 8510&#8243; use_icon=&#8221;on&#8221; font_icon=&#8221;%%264%%&#8221; icon_placement=&#8221;left&#8221; use_icon_font_size=&#8221;on&#8221; icon_font_size=&#8221;19px&#8221; module_class=&#8221;blurb_footer&#8221; _builder_version=&#8221;3.27.4&#8243; header_level=&#8221;h2&#8243; header_font=&#8221;|300|||||||&#8221; header_text_align=&#8221;left&#8221; header_text_color=&#8221;#000000&#8243; header_font_size=&#8221;12px&#8221; header_line_height=&#8221;1.6em&#8221; body_font=&#8221;||||||||&#8221; body_text_align=&#8221;left&#8221; body_text_color=&#8221;#ffffff&#8221; body_font_size=&#8221;15px&#8221; custom_margin=&#8221;||0px|&#8221; animation=&#8221;off&#8221;][\/et_pb_blurb][et_pb_blurb title=&#8221;info@telos.si&#8221; url=&#8221;mailto:info@telos.si&#8221; use_icon=&#8221;on&#8221; font_icon=&#8221;%%109%%&#8221; icon_placement=&#8221;left&#8221; use_icon_font_size=&#8221;on&#8221; icon_font_size=&#8221;19px&#8221; module_class=&#8221;blurb_footer&#8221; _builder_version=&#8221;3.19.15&#8243; header_level=&#8221;h2&#8243; header_font=&#8221;|300|||||||&#8221; header_text_align=&#8221;left&#8221; header_text_color=&#8221;#000000&#8243; header_font_size=&#8221;12px&#8221; header_line_height=&#8221;1.6em&#8221; body_font=&#8221;||||||||&#8221; body_text_align=&#8221;left&#8221; body_text_color=&#8221;#ffffff&#8221; body_font_size=&#8221;15px&#8221; custom_margin=&#8221;||0px|&#8221; animation=&#8221;off&#8221;][\/et_pb_blurb][\/et_pb_column][et_pb_column type=&#8221;1_4&#8243; _builder_version=&#8221;3.25&#8243; custom_padding=&#8221;|||&#8221; custom_padding__hover=&#8221;|||&#8221;][et_pb_blurb title=&#8221;Povezave&#8221; admin_label=&#8221;Main Links&#8221; module_class=&#8221;blurb_footer&#8221; _builder_version=&#8221;3.19.14&#8243; header_level=&#8221;h2&#8243; header_font=&#8221;Roboto|700|||||||&#8221; header_text_color=&#8221;#000000&#8243; header_font_size=&#8221;20px&#8221; body_font=&#8221;||||||||&#8221; body_text_color=&#8221;#ffffff&#8221; body_font_size=&#8221;13px&#8221; body_line_height=&#8221;1.2em&#8221;]<\/p>\n<ul>\n<li><a href=\"http:\/\/www.telos.si\/Cambium\/cnpilot-wi-fi-dostopne-tocke\/\">Wi-Fi dostopne to\u010dke<\/a><\/li>\n<li><a href=\"http:\/\/www.telos.si\/Cambium\/cnmaestro-oblacna-platforma\/\">Brezpla\u010den kontroler<\/a><\/li>\n<li><a href=\"http:\/\/www.telos.si\/Cambium\/cnmatrix-mrezna-stikala\/\">Mre\u017ena stikala<\/a><\/li>\n<li><a href=\"http:\/\/www.telos.si\/Cambium\/ptp-ptmp-bridge\/\">PTP in PMP Bridge<\/a><\/li>\n<\/ul>\n<p>[\/et_pb_blurb][\/et_pb_column][et_pb_column type=&#8221;1_4&#8243; _builder_version=&#8221;3.25&#8243; custom_padding=&#8221;0px||0px|&#8221; custom_padding__hover=&#8221;|||&#8221;][et_pb_blurb url=&#8221;http:\/\/www.telos.si\/Cambium\/&#8221; image=&#8221;http:\/\/www.telos.si\/Cambium\/wp-content\/uploads\/2019\/01\/Cambium_Networks_logo_up2.png&#8221; image_max_width=&#8221;60%&#8221; image_max_width_tablet=&#8221;60%&#8221; image_max_width_phone=&#8221;70%&#8221; image_max_width_last_edited=&#8221;on|phone&#8221; admin_label=&#8221;Categories&#8221; module_class=&#8221;blurb_footer&#8221; _builder_version=&#8221;3.19.13&#8243; header_level=&#8221;h2&#8243; header_font=&#8221;Roboto|700|||||||&#8221; header_text_color=&#8221;#97a5ae&#8221; header_font_size=&#8221;21px&#8221; body_font=&#8221;Lato||||||||&#8221; body_text_color=&#8221;#97a5ae&#8221; body_font_size=&#8221;15px&#8221; custom_margin=&#8221;-5px||0px|-34px&#8221; custom_margin_tablet=&#8221;|||0px&#8221; custom_margin_phone=&#8221;|||0px&#8221; custom_margin_last_edited=&#8221;on|tablet&#8221; custom_padding=&#8221;||0px|&#8221; animation=&#8221;off&#8221;][\/et_pb_blurb][\/et_pb_column][\/et_pb_row][\/et_pb_section]<\/p>\n","protected":false},"excerpt":{"rendered":"<p>Po\u0161ljite povpra\u0161evanje za opremo Cambium NetworksOddajte povpra\u0161evanje za opremo Cambium in v najkraj\u0161em mo\u017enem \u010dasu vas bo kontaktiral en od izku\u0161enih Telos svetovalcev.<style id=\"wpforms-css-vars-224438\">\n\t\t\t\t#wpforms-224438 {\n\t\t\t\t\n\t\t\t}\n\t\t\t<\/style><div class=\"wpforms-container wpforms-container-full wpforms-render-modern\" id=\"wpforms-224438\"><form id=\"wpforms-form-224438\" class=\"wpforms-validate wpforms-form\" data-formid=\"224438\" method=\"post\" enctype=\"multipart\/form-data\" action=\"\/Cambium\/wp-json\/wp\/v2\/pages\/224441\" data-token=\"dc613045d3d04200c7f42196bb0fd648\" data-token-time=\"1776299581\"><noscript class=\"wpforms-error-noscript\">Please enable JavaScript in your browser to complete this form.<\/noscript><div id=\"wpforms-error-noscript\" style=\"display: none;\">Please enable JavaScript in your browser to complete this form.<\/div><div class=\"wpforms-field-container\"><div id=\"wpforms-224438-field_0-container\" class=\"wpforms-field wpforms-field-name\" data-field-id=\"0\"><fieldset><legend class=\"wpforms-field-label wpforms-label-hide\" aria-hidden=\"false\">Ime in Priimek <span class=\"wpforms-required-label\" aria-hidden=\"true\">*<\/span><\/legend><div class=\"wpforms-field-row wpforms-field-large\"><div class=\"wpforms-field-row-block wpforms-first wpforms-one-half\"><input type=\"text\" id=\"wpforms-224438-field_0\" class=\"wpforms-field-name-first wpforms-field-required\" name=\"wpforms[fields][0][first]\" placeholder=\"Ime*\" aria-errormessage=\"wpforms-224438-field_0-error\" required><label for=\"wpforms-224438-field_0\" class=\"wpforms-field-sublabel after wpforms-sublabel-hide\">First<\/label><\/div><div class=\"wpforms-field-row-block wpforms-one-half\"><input type=\"text\" id=\"wpforms-224438-field_0-last\" class=\"wpforms-field-name-last wpforms-field-required\" name=\"wpforms[fields][0][last]\" placeholder=\"Priimek*\" aria-errormessage=\"wpforms-224438-field_0-last-error\" required><label for=\"wpforms-224438-field_0-last\" class=\"wpforms-field-sublabel after wpforms-sublabel-hide\">Last<\/label><\/div><\/div><\/fieldset><\/div><div id=\"wpforms-224438-field_1-container\" class=\"wpforms-field wpforms-field-email\" data-field-id=\"1\"><label class=\"wpforms-field-label wpforms-label-hide\" for=\"wpforms-224438-field_1\" aria-hidden=\"false\">Email naslov <span class=\"wpforms-required-label\" aria-hidden=\"true\">*<\/span><\/label><input type=\"email\" id=\"wpforms-224438-field_1\" class=\"wpforms-field-large wpforms-field-required\" name=\"wpforms[fields][1]\" placeholder=\"E-mail naslov*\" spellcheck=\"false\" aria-errormessage=\"wpforms-224438-field_1-error\" required><\/div><div id=\"wpforms-224438-field_5-container\" class=\"wpforms-field wpforms-field-text\" data-field-id=\"5\"><label class=\"wpforms-field-label wpforms-label-hide\" for=\"wpforms-224438-field_5\" aria-hidden=\"false\">Telefonska \u0161tevilka<\/label><input type=\"text\" id=\"wpforms-224438-field_5\" class=\"wpforms-field-large\" name=\"wpforms[fields][5]\" placeholder=\"Tel. \u0161tevilka\" aria-errormessage=\"wpforms-224438-field_5-error\" ><\/div><div id=\"wpforms-224438-field_3-container\" class=\"wpforms-field wpforms-field-text\" data-field-id=\"3\"><label class=\"wpforms-field-label wpforms-label-hide\" for=\"wpforms-224438-field_3\" aria-hidden=\"false\">Podjetje<\/label><input type=\"text\" id=\"wpforms-224438-field_3\" class=\"wpforms-field-large\" name=\"wpforms[fields][3]\" placeholder=\"Podjetje\" aria-errormessage=\"wpforms-224438-field_3-error\" ><\/div><div id=\"wpforms-224438-field_2-container\" class=\"wpforms-field wpforms-field-textarea\" data-field-id=\"2\"><label class=\"wpforms-field-label wpforms-label-hide\" for=\"wpforms-224438-field_2\" aria-hidden=\"false\">Sporo\u010dilo <span class=\"wpforms-required-label\" aria-hidden=\"true\">*<\/span><\/label><textarea id=\"wpforms-224438-field_2\" class=\"wpforms-field-medium wpforms-field-required\" name=\"wpforms[fields][2]\" placeholder=\"Opi\u0161ite svoje \u017eelje, cilje in\/ali vpra\u0161anja*\" aria-errormessage=\"wpforms-224438-field_2-error\" aria-describedby=\"wpforms-224438-field_2-description\" required><\/textarea><div id=\"wpforms-224438-field_2-description\" class=\"wpforms-field-description\">*Zahtevana polja<\/div><\/div><\/div><!-- .wpforms-field-container --><div class=\"wpforms-submit-container\" ><input type=\"hidden\" name=\"wpforms[id]\" value=\"224438\"><input type=\"hidden\" name=\"page_title\" value=\"\"><input type=\"hidden\" name=\"page_url\" value=\"https:\/\/www.telos.si\/Cambium\/wp-json\/wp\/v2\/pages\/224441\"><input type=\"hidden\" name=\"url_referer\" value=\"\"><button type=\"submit\" name=\"wpforms[submit]\" id=\"wpforms-submit-224438\" class=\"wpforms-submit\" data-alt-text=\"Po\u0161iljam\" data-submit-text=\"Po\u0161lji\" aria-live=\"assertive\" value=\"wpforms-submit\">Po\u0161lji<\/button><\/div><\/form><\/div>  <!-- .wpforms-container -->Kontakt Wi-Fi dostopne to\u010dke Brezpla\u010den kontroler Mre\u017ena stikala PTP in PMP Bridge<\/p>\n","protected":false},"author":1,"featured_media":215274,"parent":0,"menu_order":0,"comment_status":"closed","ping_status":"closed","template":"","meta":{"_et_pb_use_builder":"on","_et_pb_old_content":"","_et_gb_content_width":"","_monsterinsights_skip_tracking":false,"_monsterinsights_sitenote_active":false,"_monsterinsights_sitenote_note":"","_monsterinsights_sitenote_category":0,"footnotes":""},"difl_page_category":[],"class_list":["post-224441","page","type-page","status-publish","has-post-thumbnail","hentry"],"aioseo_notices":[],"_links":{"self":[{"href":"https:\/\/www.telos.si\/Cambium\/wp-json\/wp\/v2\/pages\/224441","targetHints":{"allow":["GET"]}}],"collection":[{"href":"https:\/\/www.telos.si\/Cambium\/wp-json\/wp\/v2\/pages"}],"about":[{"href":"https:\/\/www.telos.si\/Cambium\/wp-json\/wp\/v2\/types\/page"}],"author":[{"embeddable":true,"href":"https:\/\/www.telos.si\/Cambium\/wp-json\/wp\/v2\/users\/1"}],"replies":[{"embeddable":true,"href":"https:\/\/www.telos.si\/Cambium\/wp-json\/wp\/v2\/comments?post=224441"}],"version-history":[{"count":2,"href":"https:\/\/www.telos.si\/Cambium\/wp-json\/wp\/v2\/pages\/224441\/revisions"}],"predecessor-version":[{"id":224484,"href":"https:\/\/www.telos.si\/Cambium\/wp-json\/wp\/v2\/pages\/224441\/revisions\/224484"}],"wp:featuredmedia":[{"embeddable":true,"href":"https:\/\/www.telos.si\/Cambium\/wp-json\/wp\/v2\/media\/215274"}],"wp:attachment":[{"href":"https:\/\/www.telos.si\/Cambium\/wp-json\/wp\/v2\/media?parent=224441"}],"wp:term":[{"taxonomy":"difl_page_category","embeddable":true,"href":"https:\/\/www.telos.si\/Cambium\/wp-json\/wp\/v2\/difl_page_category?post=224441"}],"curies":[{"name":"wp","href":"https:\/\/api.w.org\/{rel}","templated":true}]}}